{"id":21110,"date":"2026-01-22T23:15:56","date_gmt":"2026-01-22T22:15:56","guid":{"rendered":"https:\/\/aqina.eu\/produkt\/hika\/"},"modified":"2026-01-22T23:56:37","modified_gmt":"2026-01-22T22:56:37","slug":"hika","status":"publish","type":"product","link":"https:\/\/aqina.eu\/en\/produkt\/hika\/","title":{"rendered":"HIKA"},"content":{"rendered":"\n<p><strong>HIKA \u2013 a modular system with a clean, architectural character<\/strong><\/p>\n\n\n\n<p><strong>Key features:<\/strong><\/p>\n\n\n\n<p>\ud83d\udfe9 modular construction available in multiple heights and widths<br>\ud83d\udfe9 minimalist, clean-lined design with refined proportions<br>\ud83d\udfe9 high-quality materials: aluminium uprights and shelves in various finishes<br>\ud83d\udfe9 flexible layout with easy expansion and reconfiguration<br>\ud83d\udfe9 option to use as a light space divider in open-plan environments<\/p>\n\n\n\n<p>Hika combines versatility, modern aesthetics and functionality, making it a strong choice for contemporary workspaces.<\/p>\n\n\n\n<p><strong>Contact us to receive a tailored offer!<\/strong><\/p>\n\n\n\n<p><\/p>\n\n\n\n<p><\/p>\n","protected":false},"excerpt":{"rendered":"<p>Hika to lekki, modu\u0142owy system rega\u0142\u00f3w, zaprojektowany z my\u015bl\u0105 o nowoczesnych biurach, strefach wsp\u00f3\u0142pracy i reprezentacyjnych przestrzeniach. Prosta, architektoniczna forma pozwala tworzy\u0107 uk\u0142ady o r\u00f3\u017cnej skali \u2013 od kompaktowych rega\u0142\u00f3w po du\u017ce, wieloelementowe konfiguracje pe\u0142ni\u0105ce tak\u017ce funkcj\u0119 lekkiej przegrody.<\/p>\n","protected":false},"featured_media":21079,"template":"","meta":[],"product_brand":[],"product_cat":[758,132,717,121],"product_tag":[800,172,174],"brand":[726],"class_list":{"0":"post-21110","1":"product","2":"type-product","3":"status-publish","4":"has-post-thumbnail","6":"product_cat-flexible-office","7":"product_cat-furniture-systems","8":"product_cat-storage","9":"product_cat-work","10":"product_tag-akaba","11":"product_tag-nowosci-en","12":"product_tag-polecane-en","13":"brand-akaba-en","15":"first","16":"instock","17":"shipping-taxable","18":"product-type-simple"},"yoast_head":"<!-- This site is optimized with the Yoast SEO plugin v27.2 - https:\/\/yoast.com\/product\/yoast-seo-wordpress\/ -->\n<title>HIKA - Aqina<\/title>\n<meta name=\"robots\" content=\"index, follow, max-snippet:-1, max-image-preview:large, max-video-preview:-1\" \/>\n<link rel=\"canonical\" href=\"https:\/\/aqina.eu\/en\/produkt\/hika\/\" \/>\n<meta property=\"og:locale\" content=\"en_US\" \/>\n<meta property=\"og:type\" content=\"article\" \/>\n<meta property=\"og:title\" content=\"HIKA - Aqina\" \/>\n<meta property=\"og:description\" content=\"Hika to lekki, modu\u0142owy system rega\u0142\u00f3w, zaprojektowany z my\u015bl\u0105 o nowoczesnych biurach, strefach wsp\u00f3\u0142pracy i reprezentacyjnych przestrzeniach. Prosta, architektoniczna forma pozwala tworzy\u0107 uk\u0142ady o r\u00f3\u017cnej skali \u2013 od kompaktowych rega\u0142\u00f3w po du\u017ce, wieloelementowe konfiguracje pe\u0142ni\u0105ce tak\u017ce funkcj\u0119 lekkiej przegrody.\" \/>\n<meta property=\"og:url\" content=\"https:\/\/aqina.eu\/en\/produkt\/hika\/\" \/>\n<meta property=\"og:site_name\" content=\"Aqina\" \/>\n<meta property=\"article:modified_time\" content=\"2026-01-22T22:56:37+00:00\" \/>\n<meta property=\"og:image\" content=\"https:\/\/aqina.eu\/wp-content\/uploads\/2026\/01\/hika_akaba.jpg\" \/>\n\t<meta property=\"og:image:width\" content=\"1000\" \/>\n\t<meta property=\"og:image:height\" content=\"1000\" \/>\n\t<meta property=\"og:image:type\" content=\"image\/jpeg\" \/>\n<meta name=\"twitter:card\" content=\"summary_large_image\" \/>\n<meta name=\"twitter:label1\" content=\"Est. reading time\" \/>\n\t<meta name=\"twitter:data1\" content=\"1 minute\" \/>\n<script type=\"application\/ld+json\" class=\"yoast-schema-graph\">{\"@context\":\"https:\/\/schema.org\",\"@graph\":[{\"@type\":\"WebPage\",\"@id\":\"https:\/\/aqina.eu\/en\/produkt\/hika\/\",\"url\":\"https:\/\/aqina.eu\/en\/produkt\/hika\/\",\"name\":\"HIKA - Aqina\",\"isPartOf\":{\"@id\":\"https:\/\/aqina.eu\/en\/pl\/#website\"},\"primaryImageOfPage\":{\"@id\":\"https:\/\/aqina.eu\/en\/produkt\/hika\/#primaryimage\"},\"image\":{\"@id\":\"https:\/\/aqina.eu\/en\/produkt\/hika\/#primaryimage\"},\"thumbnailUrl\":\"https:\/\/aqina.eu\/wp-content\/uploads\/2026\/01\/hika_akaba.jpg\",\"datePublished\":\"2026-01-22T22:15:56+00:00\",\"dateModified\":\"2026-01-22T22:56:37+00:00\",\"breadcrumb\":{\"@id\":\"https:\/\/aqina.eu\/en\/produkt\/hika\/#breadcrumb\"},\"inLanguage\":\"en-US\",\"potentialAction\":[{\"@type\":\"ReadAction\",\"target\":[\"https:\/\/aqina.eu\/en\/produkt\/hika\/\"]}]},{\"@type\":\"ImageObject\",\"inLanguage\":\"en-US\",\"@id\":\"https:\/\/aqina.eu\/en\/produkt\/hika\/#primaryimage\",\"url\":\"https:\/\/aqina.eu\/wp-content\/uploads\/2026\/01\/hika_akaba.jpg\",\"contentUrl\":\"https:\/\/aqina.eu\/wp-content\/uploads\/2026\/01\/hika_akaba.jpg\",\"width\":1000,\"height\":1000},{\"@type\":\"BreadcrumbList\",\"@id\":\"https:\/\/aqina.eu\/en\/produkt\/hika\/#breadcrumb\",\"itemListElement\":[{\"@type\":\"ListItem\",\"position\":1,\"name\":\"Strona g\u0142\u00f3wna\",\"item\":\"https:\/\/aqina.eu\/en\/\"},{\"@type\":\"ListItem\",\"position\":2,\"name\":\"Produkty\",\"item\":\"https:\/\/aqina.eu\/pl\/produkty\/\"},{\"@type\":\"ListItem\",\"position\":3,\"name\":\"HIKA\"}]},{\"@type\":\"WebSite\",\"@id\":\"https:\/\/aqina.eu\/en\/pl\/#website\",\"url\":\"https:\/\/aqina.eu\/en\/pl\/\",\"name\":\"Aqina\",\"description\":\"Wyk\u0142adziny biurowe, meble biurowe premium, Milliken, showroom Warszawa\",\"potentialAction\":[{\"@type\":\"SearchAction\",\"target\":{\"@type\":\"EntryPoint\",\"urlTemplate\":\"https:\/\/aqina.eu\/en\/pl\/?s={search_term_string}\"},\"query-input\":{\"@type\":\"PropertyValueSpecification\",\"valueRequired\":true,\"valueName\":\"search_term_string\"}}],\"inLanguage\":\"en-US\"}]}<\/script>\n<!-- \/ Yoast SEO plugin. -->","yoast_head_json":{"title":"HIKA - Aqina","robots":{"index":"index","follow":"follow","max-snippet":"max-snippet:-1","max-image-preview":"max-image-preview:large","max-video-preview":"max-video-preview:-1"},"canonical":"https:\/\/aqina.eu\/en\/produkt\/hika\/","og_locale":"en_US","og_type":"article","og_title":"HIKA - Aqina","og_description":"Hika to lekki, modu\u0142owy system rega\u0142\u00f3w, zaprojektowany z my\u015bl\u0105 o nowoczesnych biurach, strefach wsp\u00f3\u0142pracy i reprezentacyjnych przestrzeniach. Prosta, architektoniczna forma pozwala tworzy\u0107 uk\u0142ady o r\u00f3\u017cnej skali \u2013 od kompaktowych rega\u0142\u00f3w po du\u017ce, wieloelementowe konfiguracje pe\u0142ni\u0105ce tak\u017ce funkcj\u0119 lekkiej przegrody.","og_url":"https:\/\/aqina.eu\/en\/produkt\/hika\/","og_site_name":"Aqina","article_modified_time":"2026-01-22T22:56:37+00:00","og_image":[{"width":1000,"height":1000,"url":"https:\/\/aqina.eu\/wp-content\/uploads\/2026\/01\/hika_akaba.jpg","type":"image\/jpeg"}],"twitter_card":"summary_large_image","twitter_misc":{"Est. reading time":"1 minute"},"schema":{"@context":"https:\/\/schema.org","@graph":[{"@type":"WebPage","@id":"https:\/\/aqina.eu\/en\/produkt\/hika\/","url":"https:\/\/aqina.eu\/en\/produkt\/hika\/","name":"HIKA - Aqina","isPartOf":{"@id":"https:\/\/aqina.eu\/en\/pl\/#website"},"primaryImageOfPage":{"@id":"https:\/\/aqina.eu\/en\/produkt\/hika\/#primaryimage"},"image":{"@id":"https:\/\/aqina.eu\/en\/produkt\/hika\/#primaryimage"},"thumbnailUrl":"https:\/\/aqina.eu\/wp-content\/uploads\/2026\/01\/hika_akaba.jpg","datePublished":"2026-01-22T22:15:56+00:00","dateModified":"2026-01-22T22:56:37+00:00","breadcrumb":{"@id":"https:\/\/aqina.eu\/en\/produkt\/hika\/#breadcrumb"},"inLanguage":"en-US","potentialAction":[{"@type":"ReadAction","target":["https:\/\/aqina.eu\/en\/produkt\/hika\/"]}]},{"@type":"ImageObject","inLanguage":"en-US","@id":"https:\/\/aqina.eu\/en\/produkt\/hika\/#primaryimage","url":"https:\/\/aqina.eu\/wp-content\/uploads\/2026\/01\/hika_akaba.jpg","contentUrl":"https:\/\/aqina.eu\/wp-content\/uploads\/2026\/01\/hika_akaba.jpg","width":1000,"height":1000},{"@type":"BreadcrumbList","@id":"https:\/\/aqina.eu\/en\/produkt\/hika\/#breadcrumb","itemListElement":[{"@type":"ListItem","position":1,"name":"Strona g\u0142\u00f3wna","item":"https:\/\/aqina.eu\/en\/"},{"@type":"ListItem","position":2,"name":"Produkty","item":"https:\/\/aqina.eu\/pl\/produkty\/"},{"@type":"ListItem","position":3,"name":"HIKA"}]},{"@type":"WebSite","@id":"https:\/\/aqina.eu\/en\/pl\/#website","url":"https:\/\/aqina.eu\/en\/pl\/","name":"Aqina","description":"Wyk\u0142adziny biurowe, meble biurowe premium, Milliken, showroom Warszawa","potentialAction":[{"@type":"SearchAction","target":{"@type":"EntryPoint","urlTemplate":"https:\/\/aqina.eu\/en\/pl\/?s={search_term_string}"},"query-input":{"@type":"PropertyValueSpecification","valueRequired":true,"valueName":"search_term_string"}}],"inLanguage":"en-US"}]}},"_links":{"self":[{"href":"https:\/\/aqina.eu\/en\/wp-json\/wp\/v2\/product\/21110","targetHints":{"allow":["GET"]}}],"collection":[{"href":"https:\/\/aqina.eu\/en\/wp-json\/wp\/v2\/product"}],"about":[{"href":"https:\/\/aqina.eu\/en\/wp-json\/wp\/v2\/types\/product"}],"wp:featuredmedia":[{"embeddable":true,"href":"https:\/\/aqina.eu\/en\/wp-json\/wp\/v2\/media\/21079"}],"wp:attachment":[{"href":"https:\/\/aqina.eu\/en\/wp-json\/wp\/v2\/media?parent=21110"}],"wp:term":[{"taxonomy":"product_brand","embeddable":true,"href":"https:\/\/aqina.eu\/en\/wp-json\/wp\/v2\/product_brand?post=21110"},{"taxonomy":"product_cat","embeddable":true,"href":"https:\/\/aqina.eu\/en\/wp-json\/wp\/v2\/product_cat?post=21110"},{"taxonomy":"product_tag","embeddable":true,"href":"https:\/\/aqina.eu\/en\/wp-json\/wp\/v2\/product_tag?post=21110"},{"taxonomy":"brand","embeddable":true,"href":"https:\/\/aqina.eu\/en\/wp-json\/wp\/v2\/brand?post=21110"}],"curies":[{"name":"wp","href":"https:\/\/api.w.org\/{rel}","templated":true}]}}