{"id":2895,"date":"2019-10-21T16:00:39","date_gmt":"2019-10-21T14:00:39","guid":{"rendered":"https:\/\/aqina.nxtm.pl\/?post_type=product&#038;p=2895"},"modified":"2024-07-16T23:56:00","modified_gmt":"2024-07-16T21:56:00","slug":"tabanda-moose","status":"publish","type":"product","link":"https:\/\/aqina.eu\/en\/produkt\/tabanda-moose\/","title":{"rendered":"Tabanda Moose Coffee Table"},"content":{"rendered":"<p>Having the environment in mind, we had reduced the use of plywood by dividing each of the table&#8217;s support into three small puzzles. As a result, it takes as little as 0,5 square meters of plywood to produce a single MOOSE table.<br \/>\nIt feels like we had just designed it, and yet our dear MOOSE settled down and raised a family. Now you can adopt the MOOSE in three different sizes: PAPA MOOSE (\u2300 99cm), MAMA MOOSE (\u2300 79cm) and BABY MOOSE (\u2300 59cm).<br \/>\nDuring \u0141\u00f3d\u017a Design Festival 2012, MOOSE had got everyone so charmed that he won the Must-Have prize for a well-designed object on the Polish market.<\/p>\n","protected":false},"excerpt":{"rendered":"<p>Tabanda loves nature. During one of their sport-and-sightseeing trips, they began to wonder: how could one embody nature&#8217;s riches in such a minimalistic form as a piece of furniture? They only found an answer a little later and it proved to be the MOOSE \u2013 a coffee table inspired by nature.<br \/>\nIts supports are formed of four identical plywood modules, cut so that they remind beautiful, branching antlers. Together these carry a classic round tabletop made of colorless OPTIWHITE\u2122 glass.<\/p>\n","protected":false},"featured_media":1619,"template":"","meta":[],"product_brand":[],"product_cat":[150,154],"product_tag":[],"brand":[747],"class_list":{"0":"post-2895","1":"product","2":"type-product","3":"status-publish","4":"has-post-thumbnail","6":"product_cat-relax","7":"product_cat-tables","8":"brand-tabanda-en","10":"first","11":"instock","12":"shipping-taxable","13":"product-type-simple"},"yoast_head":"<!-- This site is optimized with the Yoast SEO plugin v27.2 - https:\/\/yoast.com\/product\/yoast-seo-wordpress\/ -->\n<title>Tabanda Moose Coffee Table - Aqina<\/title>\n<meta name=\"robots\" content=\"index, follow, max-snippet:-1, max-image-preview:large, max-video-preview:-1\" \/>\n<link rel=\"canonical\" href=\"https:\/\/aqina.eu\/en\/produkt\/tabanda-moose\/\" \/>\n<meta property=\"og:locale\" content=\"en_US\" \/>\n<meta property=\"og:type\" content=\"article\" \/>\n<meta property=\"og:title\" content=\"Tabanda Moose Coffee Table - Aqina\" \/>\n<meta property=\"og:description\" content=\"Tabanda loves nature. During one of their sport-and-sightseeing trips, they began to wonder: how could one embody nature&#039;s riches in such a minimalistic form as a piece of furniture? They only found an answer a little later and it proved to be the MOOSE \u2013 a coffee table inspired by nature. Its supports are formed of four identical plywood modules, cut so that they remind beautiful, branching antlers. Together these carry a classic round tabletop made of colorless OPTIWHITE\u2122 glass.\" \/>\n<meta property=\"og:url\" content=\"https:\/\/aqina.eu\/en\/produkt\/tabanda-moose\/\" \/>\n<meta property=\"og:site_name\" content=\"Aqina\" \/>\n<meta property=\"article:modified_time\" content=\"2024-07-16T21:56:00+00:00\" \/>\n<meta property=\"og:image\" content=\"https:\/\/aqina.eu\/wp-content\/uploads\/2019\/07\/Tabanda-Moose0.png\" \/>\n\t<meta property=\"og:image:width\" content=\"600\" \/>\n\t<meta property=\"og:image:height\" content=\"600\" \/>\n\t<meta property=\"og:image:type\" content=\"image\/png\" \/>\n<meta name=\"twitter:card\" content=\"summary_large_image\" \/>\n<meta name=\"twitter:label1\" content=\"Est. reading time\" \/>\n\t<meta name=\"twitter:data1\" content=\"1 minute\" \/>\n<script type=\"application\/ld+json\" class=\"yoast-schema-graph\">{\"@context\":\"https:\/\/schema.org\",\"@graph\":[{\"@type\":\"WebPage\",\"@id\":\"https:\/\/aqina.eu\/en\/produkt\/tabanda-moose\/\",\"url\":\"https:\/\/aqina.eu\/en\/produkt\/tabanda-moose\/\",\"name\":\"Tabanda Moose Coffee Table - Aqina\",\"isPartOf\":{\"@id\":\"https:\/\/aqina.eu\/en\/pl\/#website\"},\"primaryImageOfPage\":{\"@id\":\"https:\/\/aqina.eu\/en\/produkt\/tabanda-moose\/#primaryimage\"},\"image\":{\"@id\":\"https:\/\/aqina.eu\/en\/produkt\/tabanda-moose\/#primaryimage\"},\"thumbnailUrl\":\"https:\/\/aqina.eu\/wp-content\/uploads\/2019\/07\/Tabanda-Moose0.png\",\"datePublished\":\"2019-10-21T14:00:39+00:00\",\"dateModified\":\"2024-07-16T21:56:00+00:00\",\"breadcrumb\":{\"@id\":\"https:\/\/aqina.eu\/en\/produkt\/tabanda-moose\/#breadcrumb\"},\"inLanguage\":\"en-US\",\"potentialAction\":[{\"@type\":\"ReadAction\",\"target\":[\"https:\/\/aqina.eu\/en\/produkt\/tabanda-moose\/\"]}]},{\"@type\":\"ImageObject\",\"inLanguage\":\"en-US\",\"@id\":\"https:\/\/aqina.eu\/en\/produkt\/tabanda-moose\/#primaryimage\",\"url\":\"https:\/\/aqina.eu\/wp-content\/uploads\/2019\/07\/Tabanda-Moose0.png\",\"contentUrl\":\"https:\/\/aqina.eu\/wp-content\/uploads\/2019\/07\/Tabanda-Moose0.png\",\"width\":600,\"height\":600,\"caption\":\"Tabanda-Moose0\"},{\"@type\":\"BreadcrumbList\",\"@id\":\"https:\/\/aqina.eu\/en\/produkt\/tabanda-moose\/#breadcrumb\",\"itemListElement\":[{\"@type\":\"ListItem\",\"position\":1,\"name\":\"Strona g\u0142\u00f3wna\",\"item\":\"https:\/\/aqina.eu\/en\/\"},{\"@type\":\"ListItem\",\"position\":2,\"name\":\"Produkty\",\"item\":\"https:\/\/aqina.eu\/pl\/produkty\/\"},{\"@type\":\"ListItem\",\"position\":3,\"name\":\"Tabanda Moose Coffee Table\"}]},{\"@type\":\"WebSite\",\"@id\":\"https:\/\/aqina.eu\/en\/pl\/#website\",\"url\":\"https:\/\/aqina.eu\/en\/pl\/\",\"name\":\"Aqina\",\"description\":\"Wyk\u0142adziny biurowe, meble biurowe premium, Milliken, showroom Warszawa\",\"potentialAction\":[{\"@type\":\"SearchAction\",\"target\":{\"@type\":\"EntryPoint\",\"urlTemplate\":\"https:\/\/aqina.eu\/en\/pl\/?s={search_term_string}\"},\"query-input\":{\"@type\":\"PropertyValueSpecification\",\"valueRequired\":true,\"valueName\":\"search_term_string\"}}],\"inLanguage\":\"en-US\"}]}<\/script>\n<!-- \/ Yoast SEO plugin. -->","yoast_head_json":{"title":"Tabanda Moose Coffee Table - Aqina","robots":{"index":"index","follow":"follow","max-snippet":"max-snippet:-1","max-image-preview":"max-image-preview:large","max-video-preview":"max-video-preview:-1"},"canonical":"https:\/\/aqina.eu\/en\/produkt\/tabanda-moose\/","og_locale":"en_US","og_type":"article","og_title":"Tabanda Moose Coffee Table - Aqina","og_description":"Tabanda loves nature. During one of their sport-and-sightseeing trips, they began to wonder: how could one embody nature's riches in such a minimalistic form as a piece of furniture? They only found an answer a little later and it proved to be the MOOSE \u2013 a coffee table inspired by nature. Its supports are formed of four identical plywood modules, cut so that they remind beautiful, branching antlers. Together these carry a classic round tabletop made of colorless OPTIWHITE\u2122 glass.","og_url":"https:\/\/aqina.eu\/en\/produkt\/tabanda-moose\/","og_site_name":"Aqina","article_modified_time":"2024-07-16T21:56:00+00:00","og_image":[{"width":600,"height":600,"url":"https:\/\/aqina.eu\/wp-content\/uploads\/2019\/07\/Tabanda-Moose0.png","type":"image\/png"}],"twitter_card":"summary_large_image","twitter_misc":{"Est. reading time":"1 minute"},"schema":{"@context":"https:\/\/schema.org","@graph":[{"@type":"WebPage","@id":"https:\/\/aqina.eu\/en\/produkt\/tabanda-moose\/","url":"https:\/\/aqina.eu\/en\/produkt\/tabanda-moose\/","name":"Tabanda Moose Coffee Table - Aqina","isPartOf":{"@id":"https:\/\/aqina.eu\/en\/pl\/#website"},"primaryImageOfPage":{"@id":"https:\/\/aqina.eu\/en\/produkt\/tabanda-moose\/#primaryimage"},"image":{"@id":"https:\/\/aqina.eu\/en\/produkt\/tabanda-moose\/#primaryimage"},"thumbnailUrl":"https:\/\/aqina.eu\/wp-content\/uploads\/2019\/07\/Tabanda-Moose0.png","datePublished":"2019-10-21T14:00:39+00:00","dateModified":"2024-07-16T21:56:00+00:00","breadcrumb":{"@id":"https:\/\/aqina.eu\/en\/produkt\/tabanda-moose\/#breadcrumb"},"inLanguage":"en-US","potentialAction":[{"@type":"ReadAction","target":["https:\/\/aqina.eu\/en\/produkt\/tabanda-moose\/"]}]},{"@type":"ImageObject","inLanguage":"en-US","@id":"https:\/\/aqina.eu\/en\/produkt\/tabanda-moose\/#primaryimage","url":"https:\/\/aqina.eu\/wp-content\/uploads\/2019\/07\/Tabanda-Moose0.png","contentUrl":"https:\/\/aqina.eu\/wp-content\/uploads\/2019\/07\/Tabanda-Moose0.png","width":600,"height":600,"caption":"Tabanda-Moose0"},{"@type":"BreadcrumbList","@id":"https:\/\/aqina.eu\/en\/produkt\/tabanda-moose\/#breadcrumb","itemListElement":[{"@type":"ListItem","position":1,"name":"Strona g\u0142\u00f3wna","item":"https:\/\/aqina.eu\/en\/"},{"@type":"ListItem","position":2,"name":"Produkty","item":"https:\/\/aqina.eu\/pl\/produkty\/"},{"@type":"ListItem","position":3,"name":"Tabanda Moose Coffee Table"}]},{"@type":"WebSite","@id":"https:\/\/aqina.eu\/en\/pl\/#website","url":"https:\/\/aqina.eu\/en\/pl\/","name":"Aqina","description":"Wyk\u0142adziny biurowe, meble biurowe premium, Milliken, showroom Warszawa","potentialAction":[{"@type":"SearchAction","target":{"@type":"EntryPoint","urlTemplate":"https:\/\/aqina.eu\/en\/pl\/?s={search_term_string}"},"query-input":{"@type":"PropertyValueSpecification","valueRequired":true,"valueName":"search_term_string"}}],"inLanguage":"en-US"}]}},"_links":{"self":[{"href":"https:\/\/aqina.eu\/en\/wp-json\/wp\/v2\/product\/2895","targetHints":{"allow":["GET"]}}],"collection":[{"href":"https:\/\/aqina.eu\/en\/wp-json\/wp\/v2\/product"}],"about":[{"href":"https:\/\/aqina.eu\/en\/wp-json\/wp\/v2\/types\/product"}],"wp:featuredmedia":[{"embeddable":true,"href":"https:\/\/aqina.eu\/en\/wp-json\/wp\/v2\/media\/1619"}],"wp:attachment":[{"href":"https:\/\/aqina.eu\/en\/wp-json\/wp\/v2\/media?parent=2895"}],"wp:term":[{"taxonomy":"product_brand","embeddable":true,"href":"https:\/\/aqina.eu\/en\/wp-json\/wp\/v2\/product_brand?post=2895"},{"taxonomy":"product_cat","embeddable":true,"href":"https:\/\/aqina.eu\/en\/wp-json\/wp\/v2\/product_cat?post=2895"},{"taxonomy":"product_tag","embeddable":true,"href":"https:\/\/aqina.eu\/en\/wp-json\/wp\/v2\/product_tag?post=2895"},{"taxonomy":"brand","embeddable":true,"href":"https:\/\/aqina.eu\/en\/wp-json\/wp\/v2\/brand?post=2895"}],"curies":[{"name":"wp","href":"https:\/\/api.w.org\/{rel}","templated":true}]}}